{"id":710,"date":"2025-01-13T13:41:36","date_gmt":"2025-01-13T05:41:36","guid":{"rendered":"http:\/\/www.weida-shoes.com\/?post_type=product&#038;p=710"},"modified":"2025-06-25T09:58:39","modified_gmt":"2025-06-25T01:58:39","slug":"thick-sole-large-shaft-slimming-long-boots-autumn-and-winter-elastic-high-shaft-womens-riding-boots","status":"publish","type":"product","link":"https:\/\/www.weida-shoes.com\/es\/producto\/thick-sole-large-shaft-slimming-long-boots-autumn-and-winter-elastic-high-shaft-womens-riding-boots\/","title":{"rendered":"Suela gruesa eje grande adelgazamiento botas largas oto\u00f1o e invierno el\u00e1stico eje alto botas de montar de las mujeres"},"content":{"rendered":"<p>Ad\u00e9ntrate en la temporada con nuestros botines de piel Premium Super Fiber. Dise\u00f1ados para ofrecer comodidad y estilo, estos botines presentan un elegante color negro que realza cualquier conjunto. Fabricados con piel de superfibra en el empeine, el forro y la plantilla, proporcionan un tacto lujoso a la vez que garantizan su durabilidad. La suela de goma ofrece una excelente tracci\u00f3n, lo que las hace perfectas para los fr\u00edos d\u00edas de oto\u00f1o e invierno. Con una altura de 5-7 cm, aportan la elevaci\u00f3n justa. Disponibles en las tallas 35-40, estas botas son ideales para pedidos al por mayor con una cantidad m\u00ednima de 200 pares. Disfrute de opciones personalizables con nuestros servicios OEM\/ODM, y empaquetadas c\u00f3modamente con un par por caja para facilitar su distribuci\u00f3n.<\/p>\n<ul>\n<li>Parte superior: Piel de superfibra<\/li>\n<li>Forro: S\u00faper fibra<\/li>\n<li>Plantilla de cuero: Super<\/li>\n<li>Fibra de cuero Suela:Caucho<\/li>\n<li>Color: Negro Temporada:<\/li>\n<li>Oto\u00f1o,Invierno Altura:5-7cm<\/li>\n<li>Talla: 35-40<\/li>\n<li>MOQ: 200 pares<\/li>\n<li>Embalaje: 1 par\/caja<\/li>\n<li>OEM\/ODM: Aceptar<\/li>\n<\/ul>","protected":false},"excerpt":{"rendered":"<p>Entra en la temporada con nuestros botines de piel Super Fiber de primera calidad. Dise\u00f1ados para ofrecer comodidad y estilo, estos botines cuentan con<\/p>","protected":false},"featured_media":644,"comment_status":"open","ping_status":"closed","template":"","meta":[],"product_brand":[],"product_cat":[23],"product_tag":[],"class_list":{"0":"post-710","1":"product","2":"type-product","3":"status-publish","4":"has-post-thumbnail","6":"product_cat-boot","8":"first","9":"instock","10":"taxable","11":"shipping-taxable","12":"purchasable","13":"product-type-simple"},"_links":{"self":[{"href":"https:\/\/www.weida-shoes.com\/es\/wp-json\/wp\/v2\/product\/710","targetHints":{"allow":["GET"]}}],"collection":[{"href":"https:\/\/www.weida-shoes.com\/es\/wp-json\/wp\/v2\/product"}],"about":[{"href":"https:\/\/www.weida-shoes.com\/es\/wp-json\/wp\/v2\/types\/product"}],"replies":[{"embeddable":true,"href":"https:\/\/www.weida-shoes.com\/es\/wp-json\/wp\/v2\/comments?post=710"}],"wp:featuredmedia":[{"embeddable":true,"href":"https:\/\/www.weida-shoes.com\/es\/wp-json\/wp\/v2\/media\/644"}],"wp:attachment":[{"href":"https:\/\/www.weida-shoes.com\/es\/wp-json\/wp\/v2\/media?parent=710"}],"wp:term":[{"taxonomy":"product_brand","embeddable":true,"href":"https:\/\/www.weida-shoes.com\/es\/wp-json\/wp\/v2\/product_brand?post=710"},{"taxonomy":"product_cat","embeddable":true,"href":"https:\/\/www.weida-shoes.com\/es\/wp-json\/wp\/v2\/product_cat?post=710"},{"taxonomy":"product_tag","embeddable":true,"href":"https:\/\/www.weida-shoes.com\/es\/wp-json\/wp\/v2\/product_tag?post=710"}],"curies":[{"name":"wp","href":"https:\/\/api.w.org\/{rel}","templated":true}]}}