{"id":706,"date":"2025-01-13T13:39:50","date_gmt":"2025-01-13T05:39:50","guid":{"rendered":"http:\/\/www.weida-shoes.com\/?post_type=product&#038;p=706"},"modified":"2025-06-25T09:58:40","modified_gmt":"2025-06-25T01:58:40","slug":"frances-de-tacon-alto-tacon-grueso-sobre-la-rodilla-botas-largas-con-cremallera-lateral-senalo-botas-para-mujer-del-dedo-del-pie","status":"publish","type":"product","link":"https:\/\/www.weida-shoes.com\/es\/producto\/frances-de-tacon-alto-tacon-grueso-sobre-la-rodilla-botas-largas-con-cremallera-lateral-senalo-botas-para-mujer-del-dedo-del-pie\/","title":{"rendered":"Franc\u00e9s tac\u00f3n alto tac\u00f3n grueso sobre la rodilla botas largas con cremallera lateral puntera afilada botas de mujer"},"content":{"rendered":"<p>Entra en la elegancia este oto\u00f1o e invierno con nuestros exquisitos botines de piel de microfibra. Confeccionados con un refinado empeine y forro confeccionados \u00edntegramente en piel de microfibra de primera calidad, estos botines prometen lujo y durabilidad. Incorporan una plantilla acolchada de piel de microfibra para mayor comodidad y son la combinaci\u00f3n perfecta de estilo y funcionalidad. La robusta suela de goma garantiza un excelente agarre, por lo que son ideales para los d\u00edas fr\u00edos. Disponibles en negro cl\u00e1sico y en las tallas 35-40, estas botas son imprescindibles en tu armario de temporada. Con una altura de 5-7 cm, aportan la altura justa sin comprometer la comodidad. La cantidad m\u00ednima de pedido es de 200 pares, y ofrecemos opciones de embalaje a medida de 1 par por caja para adaptarnos a las necesidades de su marca a trav\u00e9s de nuestros servicios OEM\/ODM.<\/p>\n<ul>\n<li>Parte superior: Piel de microfibra<\/li>\n<li>Forro: Piel microfibra<\/li>\n<li>Plantilla: Microfibra de cuero<\/li>\n<li>Suela: Goma<\/li>\n<li>Color: Negro<\/li>\n<li>Estaci\u00f3n: Oto\u00f1o,Invierno<\/li>\n<li>Altura: 5-7 cm<\/li>\n<li>Talla: 35-40<\/li>\n<li>MOQ: 200 pares<\/li>\n<li>Embalaje: 1 par\/caja<\/li>\n<li>OEM\/ODM: Aceptar<\/li>\n<\/ul>","protected":false},"excerpt":{"rendered":"<p>V\u00edstete con elegancia este oto\u00f1o e invierno con nuestros exquisitos botines de microfibra. Confeccionados con una parte superior refinada y<\/p>","protected":false},"featured_media":640,"comment_status":"open","ping_status":"closed","template":"","meta":[],"product_brand":[],"product_cat":[23],"product_tag":[],"class_list":{"0":"post-706","1":"product","2":"type-product","3":"status-publish","4":"has-post-thumbnail","6":"product_cat-boot","8":"first","9":"instock","10":"taxable","11":"shipping-taxable","12":"purchasable","13":"product-type-simple"},"_links":{"self":[{"href":"https:\/\/www.weida-shoes.com\/es\/wp-json\/wp\/v2\/product\/706","targetHints":{"allow":["GET"]}}],"collection":[{"href":"https:\/\/www.weida-shoes.com\/es\/wp-json\/wp\/v2\/product"}],"about":[{"href":"https:\/\/www.weida-shoes.com\/es\/wp-json\/wp\/v2\/types\/product"}],"replies":[{"embeddable":true,"href":"https:\/\/www.weida-shoes.com\/es\/wp-json\/wp\/v2\/comments?post=706"}],"wp:featuredmedia":[{"embeddable":true,"href":"https:\/\/www.weida-shoes.com\/es\/wp-json\/wp\/v2\/media\/640"}],"wp:attachment":[{"href":"https:\/\/www.weida-shoes.com\/es\/wp-json\/wp\/v2\/media?parent=706"}],"wp:term":[{"taxonomy":"product_brand","embeddable":true,"href":"https:\/\/www.weida-shoes.com\/es\/wp-json\/wp\/v2\/product_brand?post=706"},{"taxonomy":"product_cat","embeddable":true,"href":"https:\/\/www.weida-shoes.com\/es\/wp-json\/wp\/v2\/product_cat?post=706"},{"taxonomy":"product_tag","embeddable":true,"href":"https:\/\/www.weida-shoes.com\/es\/wp-json\/wp\/v2\/product_tag?post=706"}],"curies":[{"name":"wp","href":"https:\/\/api.w.org\/{rel}","templated":true}]}}