{"id":703,"date":"2025-01-13T13:36:23","date_gmt":"2025-01-13T05:36:23","guid":{"rendered":"http:\/\/www.weida-shoes.com\/?post_type=product&#038;p=703"},"modified":"2025-06-25T09:58:40","modified_gmt":"2025-06-25T01:58:40","slug":"estampado-brogue-patron-correa-altura-aumento-redondo-cuero-vacuno-senoras-martin-botas","status":"publish","type":"product","link":"https:\/\/www.weida-shoes.com\/es\/producto\/estampado-brogue-patron-correa-altura-aumento-redondo-cuero-vacuno-senoras-martin-botas\/","title":{"rendered":"Impreso brogue patr\u00f3n correa de aumento de altura redonda de cuero de vaca se\u00f1oras botas Martin"},"content":{"rendered":"<p>Ad\u00e9ntrese en la sofisticaci\u00f3n con nuestras botas brogue de piel de primera calidad, fabricadas con la mejor piel de vacuno de primera capa para conseguir un empeine de lujo. El forro y la plantilla de suave piel de cerdo proporcionan un confort excepcional, por lo que son perfectas para el oto\u00f1o y el invierno. Dise\u00f1adas con una elegante suela de goma, estas botas ofrecen durabilidad y tracci\u00f3n. Est\u00e1n disponibles en el cl\u00e1sico color negro y en tallas que van de la 35 a la 40. Presentan un estampado \u00fanico y un dise\u00f1o tipo brogue. Cada par viene cuidadosamente empaquetado en una caja individual, para garantizar que llegue en perfectas condiciones. Con un pedido m\u00ednimo de 200 pares, aceptamos pedidos OEM y ODM para adaptarnos a sus necesidades espec\u00edficas.<\/p>\n<ul>\n<li>Parte superior: Piel de vacuno de primera capa<\/li>\n<li>Forro: Piel de cerdo de primera capa<\/li>\n<li>Plantilla: Piel de cerdo de primera capa<\/li>\n<li>Suela: Goma<\/li>\n<li>Decoraci\u00f3n: Impresi\u00f3n,<\/li>\n<li>Brogue\u7eb9<\/li>\n<li>Color: Negro<\/li>\n<li>Estaci\u00f3n: Oto\u00f1o,Invierno<\/li>\n<li>Altura: 5-7 cm<\/li>\n<li>Talla: 35-40<\/li>\n<li>MOQ: 200 pares<\/li>\n<li>Embalaje: 1 par\/caja<\/li>\n<li>OEM\/ODM: Aceptar<\/li>\n<\/ul>","protected":false},"excerpt":{"rendered":"<p>Ad\u00e9ntrate en la sofisticaci\u00f3n con nuestras botas brogue de piel de primera calidad, confeccionadas con la mejor piel de vacuno de primera capa para una parte superior lujosa.<\/p>","protected":false},"featured_media":638,"comment_status":"open","ping_status":"closed","template":"","meta":[],"product_brand":[],"product_cat":[23],"product_tag":[],"class_list":{"0":"post-703","1":"product","2":"type-product","3":"status-publish","4":"has-post-thumbnail","6":"product_cat-boot","8":"first","9":"instock","10":"taxable","11":"shipping-taxable","12":"purchasable","13":"product-type-simple"},"_links":{"self":[{"href":"https:\/\/www.weida-shoes.com\/es\/wp-json\/wp\/v2\/product\/703","targetHints":{"allow":["GET"]}}],"collection":[{"href":"https:\/\/www.weida-shoes.com\/es\/wp-json\/wp\/v2\/product"}],"about":[{"href":"https:\/\/www.weida-shoes.com\/es\/wp-json\/wp\/v2\/types\/product"}],"replies":[{"embeddable":true,"href":"https:\/\/www.weida-shoes.com\/es\/wp-json\/wp\/v2\/comments?post=703"}],"wp:featuredmedia":[{"embeddable":true,"href":"https:\/\/www.weida-shoes.com\/es\/wp-json\/wp\/v2\/media\/638"}],"wp:attachment":[{"href":"https:\/\/www.weida-shoes.com\/es\/wp-json\/wp\/v2\/media?parent=703"}],"wp:term":[{"taxonomy":"product_brand","embeddable":true,"href":"https:\/\/www.weida-shoes.com\/es\/wp-json\/wp\/v2\/product_brand?post=703"},{"taxonomy":"product_cat","embeddable":true,"href":"https:\/\/www.weida-shoes.com\/es\/wp-json\/wp\/v2\/product_cat?post=703"},{"taxonomy":"product_tag","embeddable":true,"href":"https:\/\/www.weida-shoes.com\/es\/wp-json\/wp\/v2\/product_tag?post=703"}],"curies":[{"name":"wp","href":"https:\/\/api.w.org\/{rel}","templated":true}]}}