{"id":696,"date":"2025-01-13T13:29:36","date_gmt":"2025-01-13T05:29:36","guid":{"rendered":"http:\/\/www.weida-shoes.com\/?post_type=product&#038;p=696"},"modified":"2025-06-25T09:58:40","modified_gmt":"2025-06-25T01:58:40","slug":"low-top-elastic-suede-one-drag-retro-mens-short-boots","status":"publish","type":"product","link":"https:\/\/www.weida-shoes.com\/es\/producto\/low-top-elastic-suede-one-drag-retro-mens-short-boots\/","title":{"rendered":"Botas cortas retro de ante el\u00e1stico de ca\u00f1a baja para hombre"},"content":{"rendered":"<p>Entra en la comodidad y la sofisticaci\u00f3n con nuestras botas de piel de nobuk de lujo, dise\u00f1adas para el individuo exigente. Confeccionadas con una parte superior de piel de nobuk duradera y un forro de piel de cerdo de primera capa, estas botas prometen calidez y estilo en las estaciones m\u00e1s fr\u00edas. La plantilla acolchada de piel de cerdo de primera capa ofrece un confort excepcional, mientras que la resistente suela de goma garantiza una tracci\u00f3n duradera en cualquier superficie. Disponibles en un intenso color marr\u00f3n, se adaptan a las tallas 39-44 y presentan una modesta altura de 5-7 cm. Perfectas para salidas informales u ocasiones m\u00e1s formales, estas botas son un complemento esencial para su armario de oto\u00f1o e invierno. Con un pedido m\u00ednimo de 200 pares, tambi\u00e9n ofrecemos opciones OEM\/ODM para adaptarnos a sus necesidades comerciales. Cada par viene perfectamente empaquetado en una caja individual, lo que las convierte tambi\u00e9n en una excelente opci\u00f3n de regalo.<\/p>\n<ul>\n<li>Parte superior: Piel nobuk<\/li>\n<li>Forro: Piel de cerdo de primera capa<\/li>\n<li>Plantilla: Piel de cerdo de primera capa<\/li>\n<li>Suela: Goma<\/li>\n<li>Color: Marr\u00f3n<\/li>\n<li>Estaci\u00f3n: Oto\u00f1o,Invierno<\/li>\n<li>Altura: 5-7 cm<\/li>\n<li>Talla: 39-44<\/li>\n<li>MOQ: 200 pares<\/li>\n<li>Embalaje: 1 par\/caja<\/li>\n<li>OEM\/ODM: Aceptar<\/li>\n<\/ul>","protected":false},"excerpt":{"rendered":"<p>Disfrute de la comodidad y la sofisticaci\u00f3n con nuestras botas de piel nobuk de lujo, dise\u00f1adas para personas exigentes. Fabricadas con un resistente<\/p>","protected":false},"featured_media":632,"comment_status":"open","ping_status":"closed","template":"","meta":[],"product_brand":[],"product_cat":[23],"product_tag":[],"class_list":{"0":"post-696","1":"product","2":"type-product","3":"status-publish","4":"has-post-thumbnail","6":"product_cat-boot","8":"first","9":"instock","10":"taxable","11":"shipping-taxable","12":"purchasable","13":"product-type-simple"},"_links":{"self":[{"href":"https:\/\/www.weida-shoes.com\/es\/wp-json\/wp\/v2\/product\/696","targetHints":{"allow":["GET"]}}],"collection":[{"href":"https:\/\/www.weida-shoes.com\/es\/wp-json\/wp\/v2\/product"}],"about":[{"href":"https:\/\/www.weida-shoes.com\/es\/wp-json\/wp\/v2\/types\/product"}],"replies":[{"embeddable":true,"href":"https:\/\/www.weida-shoes.com\/es\/wp-json\/wp\/v2\/comments?post=696"}],"wp:featuredmedia":[{"embeddable":true,"href":"https:\/\/www.weida-shoes.com\/es\/wp-json\/wp\/v2\/media\/632"}],"wp:attachment":[{"href":"https:\/\/www.weida-shoes.com\/es\/wp-json\/wp\/v2\/media?parent=696"}],"wp:term":[{"taxonomy":"product_brand","embeddable":true,"href":"https:\/\/www.weida-shoes.com\/es\/wp-json\/wp\/v2\/product_brand?post=696"},{"taxonomy":"product_cat","embeddable":true,"href":"https:\/\/www.weida-shoes.com\/es\/wp-json\/wp\/v2\/product_cat?post=696"},{"taxonomy":"product_tag","embeddable":true,"href":"https:\/\/www.weida-shoes.com\/es\/wp-json\/wp\/v2\/product_tag?post=696"}],"curies":[{"name":"wp","href":"https:\/\/api.w.org\/{rel}","templated":true}]}}