{"id":693,"date":"2025-01-13T13:28:15","date_gmt":"2025-01-13T05:28:15","guid":{"rendered":"http:\/\/www.weida-shoes.com\/?post_type=product&#038;p=693"},"modified":"2025-06-25T09:58:40","modified_gmt":"2025-06-25T01:58:40","slug":"tacon-alto-crema-blanco-cremallera-lateral-cuero-real-senoras-elegantes-botines","status":"publish","type":"product","link":"https:\/\/www.weida-shoes.com\/es\/producto\/tacon-alto-crema-blanco-cremallera-lateral-cuero-real-senoras-elegantes-botines\/","title":{"rendered":"Tac\u00f3n alto crema blanco cremallera lateral cuero real se\u00f1oras elegantes botines"},"content":{"rendered":"<p>Ad\u00e9ntrese en el lujo con nuestras botas de piel plena flor de primera calidad, meticulosamente elaboradas con piel de vaca plena flor de alta calidad. Dise\u00f1adas tanto para oto\u00f1o como para invierno, estas botas cuentan con un acogedor forro y plantilla de piel de cerdo plena flor, que proporcionan una comodidad y calidez inigualables. La duradera suela de goma garantiza una excelente tracci\u00f3n, lo que las hace perfectas para cualquier condici\u00f3n clim\u00e1tica. Con una altura de tac\u00f3n de 5-7 cm, estas elegantes botas realzan tu look sin esfuerzo, a la vez que mantienen un ajuste ideal en las tallas 35-40. Nuestras botas se venden en c\u00f3modos envases de 1 par por caja y est\u00e1n disponibles para pedidos al por mayor de 200 pares o m\u00e1s, con opciones flexibles de OEM\/ODM para adaptarse a las necesidades de su marca.<\/p>\n<ul>\n<li>Parte superior: Piel de vacuno plena flor<\/li>\n<li>Forro: Piel de cerdo plena flor<\/li>\n<li>Plantilla: Piel de cerdo plena flor<\/li>\n<li>Suela: Goma<\/li>\n<li>Color: Blanco<\/li>\n<li>Estaci\u00f3n: Oto\u00f1o,Invierno<\/li>\n<li>Altura: 5-7 cm<\/li>\n<li>Talla: 35-40<\/li>\n<li>MOQ: 200 pares<\/li>\n<li>Embalaje: 1 par\/caja<\/li>\n<li>OEM\/ODM: Aceptar<\/li>\n<\/ul>","protected":false},"excerpt":{"rendered":"<p>Disfrute del lujo con nuestras botas de piel plena flor de primera calidad, meticulosamente elaboradas con piel de vacuno plena flor de alta calidad. Dise\u00f1adas tanto para el oto\u00f1o como para el invierno.<\/p>","protected":false},"featured_media":629,"comment_status":"open","ping_status":"closed","template":"","meta":[],"product_brand":[],"product_cat":[23],"product_tag":[],"class_list":{"0":"post-693","1":"product","2":"type-product","3":"status-publish","4":"has-post-thumbnail","6":"product_cat-boot","8":"first","9":"instock","10":"taxable","11":"shipping-taxable","12":"purchasable","13":"product-type-simple"},"_links":{"self":[{"href":"https:\/\/www.weida-shoes.com\/es\/wp-json\/wp\/v2\/product\/693","targetHints":{"allow":["GET"]}}],"collection":[{"href":"https:\/\/www.weida-shoes.com\/es\/wp-json\/wp\/v2\/product"}],"about":[{"href":"https:\/\/www.weida-shoes.com\/es\/wp-json\/wp\/v2\/types\/product"}],"replies":[{"embeddable":true,"href":"https:\/\/www.weida-shoes.com\/es\/wp-json\/wp\/v2\/comments?post=693"}],"wp:featuredmedia":[{"embeddable":true,"href":"https:\/\/www.weida-shoes.com\/es\/wp-json\/wp\/v2\/media\/629"}],"wp:attachment":[{"href":"https:\/\/www.weida-shoes.com\/es\/wp-json\/wp\/v2\/media?parent=693"}],"wp:term":[{"taxonomy":"product_brand","embeddable":true,"href":"https:\/\/www.weida-shoes.com\/es\/wp-json\/wp\/v2\/product_brand?post=693"},{"taxonomy":"product_cat","embeddable":true,"href":"https:\/\/www.weida-shoes.com\/es\/wp-json\/wp\/v2\/product_cat?post=693"},{"taxonomy":"product_tag","embeddable":true,"href":"https:\/\/www.weida-shoes.com\/es\/wp-json\/wp\/v2\/product_tag?post=693"}],"curies":[{"name":"wp","href":"https:\/\/api.w.org\/{rel}","templated":true}]}}