{"id":691,"date":"2025-01-13T13:27:23","date_gmt":"2025-01-13T05:27:23","guid":{"rendered":"http:\/\/www.weida-shoes.com\/?post_type=product&#038;p=691"},"modified":"2025-06-25T09:58:40","modified_gmt":"2025-06-25T01:58:40","slug":"negro-de-punta-redonda-de-eje-ancho-elastico-de-arranque-de-un-arrastre-de-cuero-real-de-las-senoras-botas-cortas","status":"publish","type":"product","link":"https:\/\/www.weida-shoes.com\/es\/producto\/negro-de-punta-redonda-de-eje-ancho-elastico-de-arranque-de-un-arrastre-de-cuero-real-de-las-senoras-botas-cortas\/","title":{"rendered":"Negro de punta redonda de eje ancho el\u00e1stico de arranque de un arrastre de cuero real de las se\u00f1oras botas cortas"},"content":{"rendered":"<p>Ponte a la moda con nuestros botines de piel de primera calidad, fabricados por expertos con una parte superior de piel de vacuno plena flor y un suave y lujoso forro de piel de cerdo plena flor. Dise\u00f1ados para las temporadas de oto\u00f1o e invierno, estos botines ofrecen una calidez y un confort excepcionales. La plantilla acolchada de piel de cerdo asegura que sus pies se mantengan c\u00f3modos durante los d\u00edas fr\u00edos, mientras que la suela de goma duradera proporciona una tracci\u00f3n fiable en diversas superficies. Disponibles en negro cl\u00e1sico y en tallas que van de la 35 a la 40, nuestras botas vienen perfectamente empaquetadas en un par por caja, con opciones personalizables disponibles a trav\u00e9s de OEM\/ODM. Perfectas para quienes buscan funcionalidad y moda, son una declaraci\u00f3n de intenciones a cada paso.<\/p>\n<ul>\n<li>Parte superior: Piel de vacuno plena flor<\/li>\n<li>Forro: Piel de cerdo plena flor<\/li>\n<li>Plantilla: Piel de cerdo plena flor<\/li>\n<li>Suela: Goma<\/li>\n<li>Color: Negro<\/li>\n<li>Estaci\u00f3n: Oto\u00f1o,Invierno<\/li>\n<li>Altura: 3-5 cm<\/li>\n<li>Talla: 35-40<\/li>\n<li>MOQ: 200 pares<\/li>\n<li>Embalaje: 1 par\/caja<\/li>\n<li>OEM\/ODM: Aceptar<\/li>\n<\/ul>","protected":false},"excerpt":{"rendered":"<p>V\u00edstete con estilo con nuestros botines de piel de primera calidad, confeccionados por expertos con una parte superior de piel de vacuno de grano completo y un interior suave y lujoso.<\/p>","protected":false},"featured_media":627,"comment_status":"open","ping_status":"closed","template":"","meta":[],"product_brand":[],"product_cat":[23],"product_tag":[],"class_list":{"0":"post-691","1":"product","2":"type-product","3":"status-publish","4":"has-post-thumbnail","6":"product_cat-boot","8":"first","9":"instock","10":"taxable","11":"shipping-taxable","12":"purchasable","13":"product-type-simple"},"_links":{"self":[{"href":"https:\/\/www.weida-shoes.com\/es\/wp-json\/wp\/v2\/product\/691","targetHints":{"allow":["GET"]}}],"collection":[{"href":"https:\/\/www.weida-shoes.com\/es\/wp-json\/wp\/v2\/product"}],"about":[{"href":"https:\/\/www.weida-shoes.com\/es\/wp-json\/wp\/v2\/types\/product"}],"replies":[{"embeddable":true,"href":"https:\/\/www.weida-shoes.com\/es\/wp-json\/wp\/v2\/comments?post=691"}],"wp:featuredmedia":[{"embeddable":true,"href":"https:\/\/www.weida-shoes.com\/es\/wp-json\/wp\/v2\/media\/627"}],"wp:attachment":[{"href":"https:\/\/www.weida-shoes.com\/es\/wp-json\/wp\/v2\/media?parent=691"}],"wp:term":[{"taxonomy":"product_brand","embeddable":true,"href":"https:\/\/www.weida-shoes.com\/es\/wp-json\/wp\/v2\/product_brand?post=691"},{"taxonomy":"product_cat","embeddable":true,"href":"https:\/\/www.weida-shoes.com\/es\/wp-json\/wp\/v2\/product_cat?post=691"},{"taxonomy":"product_tag","embeddable":true,"href":"https:\/\/www.weida-shoes.com\/es\/wp-json\/wp\/v2\/product_tag?post=691"}],"curies":[{"name":"wp","href":"https:\/\/api.w.org\/{rel}","templated":true}]}}