{"id":689,"date":"2025-01-13T13:26:28","date_gmt":"2025-01-13T05:26:28","guid":{"rendered":"http:\/\/www.weida-shoes.com\/?post_type=product&#038;p=689"},"modified":"2025-06-25T09:58:40","modified_gmt":"2025-06-25T01:58:40","slug":"tacon-grueso-clasico-marron-primera-capa-de-cuero-cremallera-lateral-con-hebilla-de-metal-damas-botines","status":"publish","type":"product","link":"https:\/\/www.weida-shoes.com\/es\/producto\/tacon-grueso-clasico-marron-primera-capa-de-cuero-cremallera-lateral-con-hebilla-de-metal-damas-botines\/","title":{"rendered":"Chunky tal\u00f3n cl\u00e1sico marr\u00f3n de primera capa de cuero cremallera lateral con hebilla de metal damas botines"},"content":{"rendered":"<p>Ad\u00e9ntrese en el lujo con nuestras botas de piel plena flor de primera calidad, meticulosamente elaboradas con la mejor piel de vaca plena flor para el empeine y piel de cerdo para el forro y la plantilla. Dise\u00f1adas tanto para el estilo como para la comodidad, estas botas ofrecen una robusta suela de goma para una excelente tracci\u00f3n y durabilidad durante las estaciones de oto\u00f1o e invierno. Disponibles en un intenso color marr\u00f3n y alturas que oscilan entre los 3 y los 5 cm, estas botas se adaptan a las tallas 35-40. Con un pedido m\u00ednimo de 200 pares, cada par viene cuidadosamente empaquetado en su propia caja, lo que las hace perfectas para la venta al por menor. Disponemos de opciones de personalizaci\u00f3n (OEM\/ODM) para satisfacer sus necesidades espec\u00edficas.<\/p>\n<ul>\n<li>Parte superior: Piel de vacuno plena flor<\/li>\n<li>Forro: Piel de cerdo plena flor<\/li>\n<li>Plantilla: Piel de cerdo plena flor<\/li>\n<li>Suela: Goma<\/li>\n<li>Color: Marr\u00f3n<\/li>\n<li>Estaci\u00f3n: Oto\u00f1o,Invierno<\/li>\n<li>Altura: 3-5 cm<\/li>\n<li>Talla: 35-40<\/li>\n<li>MOQ: 200 pares<\/li>\n<li>Embalaje: 1 par\/caja<\/li>\n<li>OEM\/ODM: Aceptar<\/li>\n<\/ul>","protected":false},"excerpt":{"rendered":"<p>Sum\u00e9rgete en el lujo con nuestras botas de piel plena flor de primera calidad, meticulosamente elaboradas con la mejor piel plena flor de vacuno para la parte superior y<\/p>","protected":false},"featured_media":625,"comment_status":"open","ping_status":"closed","template":"","meta":[],"product_brand":[],"product_cat":[23],"product_tag":[],"class_list":{"0":"post-689","1":"product","2":"type-product","3":"status-publish","4":"has-post-thumbnail","6":"product_cat-boot","8":"first","9":"instock","10":"taxable","11":"shipping-taxable","12":"purchasable","13":"product-type-simple"},"_links":{"self":[{"href":"https:\/\/www.weida-shoes.com\/es\/wp-json\/wp\/v2\/product\/689","targetHints":{"allow":["GET"]}}],"collection":[{"href":"https:\/\/www.weida-shoes.com\/es\/wp-json\/wp\/v2\/product"}],"about":[{"href":"https:\/\/www.weida-shoes.com\/es\/wp-json\/wp\/v2\/types\/product"}],"replies":[{"embeddable":true,"href":"https:\/\/www.weida-shoes.com\/es\/wp-json\/wp\/v2\/comments?post=689"}],"wp:featuredmedia":[{"embeddable":true,"href":"https:\/\/www.weida-shoes.com\/es\/wp-json\/wp\/v2\/media\/625"}],"wp:attachment":[{"href":"https:\/\/www.weida-shoes.com\/es\/wp-json\/wp\/v2\/media?parent=689"}],"wp:term":[{"taxonomy":"product_brand","embeddable":true,"href":"https:\/\/www.weida-shoes.com\/es\/wp-json\/wp\/v2\/product_brand?post=689"},{"taxonomy":"product_cat","embeddable":true,"href":"https:\/\/www.weida-shoes.com\/es\/wp-json\/wp\/v2\/product_cat?post=689"},{"taxonomy":"product_tag","embeddable":true,"href":"https:\/\/www.weida-shoes.com\/es\/wp-json\/wp\/v2\/product_tag?post=689"}],"curies":[{"name":"wp","href":"https:\/\/api.w.org\/{rel}","templated":true}]}}