{"id":683,"date":"2025-01-13T13:23:35","date_gmt":"2025-01-13T05:23:35","guid":{"rendered":"http:\/\/www.weida-shoes.com\/?post_type=product&#038;p=683"},"modified":"2025-06-25T09:58:40","modified_gmt":"2025-06-25T01:58:40","slug":"correa-de-cuero-real-deconstruido-zapatos-negro-con-blanco-costura-senoras-zapatos-casuales","status":"publish","type":"product","link":"https:\/\/www.weida-shoes.com\/es\/producto\/correa-de-cuero-real-deconstruido-zapatos-negro-con-blanco-costura-senoras-zapatos-casuales\/","title":{"rendered":"Aut\u00e9ntica correa de cuero deconstruido zapatos negro con blanco costura se\u00f1oras zapatos casuales"},"content":{"rendered":"<p>Presentamos nuestras zapatillas premium de piel de vaca plena flor, dise\u00f1adas para ofrecer comodidad y durabilidad. Confeccionadas con una lujosa parte superior de piel de vacuno plena flor y un forro de malla transpirable, estas zapatillas ofrecen una ventilaci\u00f3n y una sujeci\u00f3n excepcionales. La plantilla de lona de algod\u00f3n a\u00f1ade una capa de suavidad para llevarlas todo el d\u00eda, mientras que la suela exterior de goma garantiza un agarre y una estabilidad superiores en diversas superficies. Disponibles en negro cl\u00e1sico, estas vers\u00e1tiles zapatillas son perfectas para cualquier ocasi\u00f3n, por lo que son adecuadas para todas las estaciones. Con una altura de 3-5 cm, proporcionan la elevaci\u00f3n justa. Las tallas van de la 35 a la 40, con un pedido m\u00ednimo de 200 pares. Cada par viene elegantemente empaquetado en una caja, y ofrecemos servicios OEM\/ODM para satisfacer sus necesidades de marca.<\/p>\n<ul>\n<li>Parte superior: Piel de vacuno plena flor<\/li>\n<li>Forro: Tejido de malla transpirable<\/li>\n<li>Plantilla: Lona de algod\u00f3n<\/li>\n<li>Suela: Goma<\/li>\n<li>Color: Negro<\/li>\n<li>Temporada: Toda la temporada<\/li>\n<li>Altura: 3-5 cm<\/li>\n<li>Talla: 35-40<\/li>\n<li>MOQ: 200 pares<\/li>\n<li>Embalaje: 1 par\/caja<\/li>\n<li>OEM\/ODM: Aceptado<\/li>\n<\/ul>","protected":false},"excerpt":{"rendered":"<p>Presentamos nuestras zapatillas deportivas de piel de vacuno de grano completo de primera calidad, dise\u00f1adas para ofrecer comodidad y durabilidad. Confeccionadas con una lujosa parte superior de piel de vacuno de grano completo y<\/p>","protected":false},"featured_media":619,"comment_status":"open","ping_status":"closed","template":"","meta":[],"product_brand":[],"product_cat":[22],"product_tag":[],"class_list":{"0":"post-683","1":"product","2":"type-product","3":"status-publish","4":"has-post-thumbnail","6":"product_cat-casual","8":"first","9":"instock","10":"taxable","11":"shipping-taxable","12":"purchasable","13":"product-type-simple"},"_links":{"self":[{"href":"https:\/\/www.weida-shoes.com\/es\/wp-json\/wp\/v2\/product\/683","targetHints":{"allow":["GET"]}}],"collection":[{"href":"https:\/\/www.weida-shoes.com\/es\/wp-json\/wp\/v2\/product"}],"about":[{"href":"https:\/\/www.weida-shoes.com\/es\/wp-json\/wp\/v2\/types\/product"}],"replies":[{"embeddable":true,"href":"https:\/\/www.weida-shoes.com\/es\/wp-json\/wp\/v2\/comments?post=683"}],"wp:featuredmedia":[{"embeddable":true,"href":"https:\/\/www.weida-shoes.com\/es\/wp-json\/wp\/v2\/media\/619"}],"wp:attachment":[{"href":"https:\/\/www.weida-shoes.com\/es\/wp-json\/wp\/v2\/media?parent=683"}],"wp:term":[{"taxonomy":"product_brand","embeddable":true,"href":"https:\/\/www.weida-shoes.com\/es\/wp-json\/wp\/v2\/product_brand?post=683"},{"taxonomy":"product_cat","embeddable":true,"href":"https:\/\/www.weida-shoes.com\/es\/wp-json\/wp\/v2\/product_cat?post=683"},{"taxonomy":"product_tag","embeddable":true,"href":"https:\/\/www.weida-shoes.com\/es\/wp-json\/wp\/v2\/product_tag?post=683"}],"curies":[{"name":"wp","href":"https:\/\/api.w.org\/{rel}","templated":true}]}}