{"id":674,"date":"2025-01-13T13:19:34","date_gmt":"2025-01-13T05:19:34","guid":{"rendered":"http:\/\/www.weida-shoes.com\/?post_type=product&#038;p=674"},"modified":"2025-06-25T09:58:40","modified_gmt":"2025-06-25T01:58:40","slug":"cuero-real-vintage-recorte-azul-hebilla-de-metal-tacon-bajo-senoras-mocasines","status":"publish","type":"product","link":"https:\/\/www.weida-shoes.com\/es\/producto\/cuero-real-vintage-recorte-azul-hebilla-de-metal-tacon-bajo-senoras-mocasines\/","title":{"rendered":"Piel aut\u00e9ntica vintage recorte azul hebilla met\u00e1lica tac\u00f3n bajo mocasines se\u00f1oras"},"content":{"rendered":"<p>Ad\u00e9ntrese en la sofisticaci\u00f3n con nuestros zapatos Slip-On de piel de vaca de lujo, elaborados con piel de vaca de plena flor de primera calidad y con un suave forro de piel de cerdo de plena flor. Dise\u00f1ados para el individuo exigente, estos zapatos proporcionan una comodidad excepcional sin comprometer el estilo. La duradera suela de goma ofrece una excelente tracci\u00f3n, lo que los hace perfectos para las estaciones de transici\u00f3n de primavera, verano y oto\u00f1o. Disponibles en un impresionante color azul, estos zapatos vienen en tallas que van de la 35 a la 40, con una cantidad m\u00ednima de pedido de 200 pares. Tanto si busca un complemento de moda para su vestuario como una oportunidad OEM\/ODM, nuestros zapatos slip-on prometen ofrecer estilo y durabilidad.<\/p>\n<ul>\n<li>Parte superior: Piel de vacuno plena flor<\/li>\n<li>Forro: Piel de cerdo plena flor<\/li>\n<li>Plantilla: Piel de cerdo plena flor<\/li>\n<li>Suela: Goma<\/li>\n<li>Color: Azul<\/li>\n<li>Temporada:Primavera,Verano,Oto\u00f1o<\/li>\n<li>Altura: \uff1c3cm<\/li>\n<li>Talla: 35-40<\/li>\n<li>MOQ: 200 pares<\/li>\n<li>Embalaje: 1 par\/caja<\/li>\n<li>OEM\/ODM: Aceptado<\/li>\n<\/ul>","protected":false},"excerpt":{"rendered":"<p>D\u00e9 un paso hacia la sofisticaci\u00f3n con nuestros zapatos sin cordones de piel de vacuno de lujo, elaborados con piel de vacuno de grano completo de primera calidad y con una suave piel de cerdo de grano completo.<\/p>","protected":false},"featured_media":611,"comment_status":"open","ping_status":"closed","template":"","meta":[],"product_brand":[],"product_cat":[21],"product_tag":[],"class_list":{"0":"post-674","1":"product","2":"type-product","3":"status-publish","4":"has-post-thumbnail","6":"product_cat-flat","8":"first","9":"instock","10":"taxable","11":"shipping-taxable","12":"purchasable","13":"product-type-simple"},"_links":{"self":[{"href":"https:\/\/www.weida-shoes.com\/es\/wp-json\/wp\/v2\/product\/674","targetHints":{"allow":["GET"]}}],"collection":[{"href":"https:\/\/www.weida-shoes.com\/es\/wp-json\/wp\/v2\/product"}],"about":[{"href":"https:\/\/www.weida-shoes.com\/es\/wp-json\/wp\/v2\/types\/product"}],"replies":[{"embeddable":true,"href":"https:\/\/www.weida-shoes.com\/es\/wp-json\/wp\/v2\/comments?post=674"}],"wp:featuredmedia":[{"embeddable":true,"href":"https:\/\/www.weida-shoes.com\/es\/wp-json\/wp\/v2\/media\/611"}],"wp:attachment":[{"href":"https:\/\/www.weida-shoes.com\/es\/wp-json\/wp\/v2\/media?parent=674"}],"wp:term":[{"taxonomy":"product_brand","embeddable":true,"href":"https:\/\/www.weida-shoes.com\/es\/wp-json\/wp\/v2\/product_brand?post=674"},{"taxonomy":"product_cat","embeddable":true,"href":"https:\/\/www.weida-shoes.com\/es\/wp-json\/wp\/v2\/product_cat?post=674"},{"taxonomy":"product_tag","embeddable":true,"href":"https:\/\/www.weida-shoes.com\/es\/wp-json\/wp\/v2\/product_tag?post=674"}],"curies":[{"name":"wp","href":"https:\/\/api.w.org\/{rel}","templated":true}]}}