{"id":671,"date":"2025-01-13T13:18:11","date_gmt":"2025-01-13T05:18:11","guid":{"rendered":"http:\/\/www.weida-shoes.com\/?post_type=product&#038;p=671"},"modified":"2025-06-25T09:58:40","modified_gmt":"2025-06-25T01:58:40","slug":"clasico-horsebit-hebilla-de-cuero-negro-estilo-britanico-comodo-uno-arrastre-senoras-zapatos-planos","status":"publish","type":"product","link":"https:\/\/www.weida-shoes.com\/es\/producto\/clasico-horsebit-hebilla-de-cuero-negro-estilo-britanico-comodo-uno-arrastre-senoras-zapatos-planos\/","title":{"rendered":"Cl\u00e1sico horsebit hebilla de cuero negro de estilo brit\u00e1nico c\u00f3modo de un arrastre de las se\u00f1oras zapatos planos"},"content":{"rendered":"<p>Ad\u00e9ntrese en la sofisticaci\u00f3n con nuestros zapatos casual de piel plena flor de primera calidad, fabricados con piel de vaca plena flor de alta calidad en el empeine y piel de cerdo plena flor en el forro y la plantilla. Dise\u00f1ados para ofrecer comodidad durante todo el d\u00eda y con una suela de goma que proporciona una excelente tracci\u00f3n, estos zapatos son perfectos para las estaciones de primavera, verano y oto\u00f1o. Disponibles en un elegante color negro, con tallas que van de la 35 a la 40, presentan una altura minimalista de menos de 3 cm. Nuestros zapatos vienen empaquetados un par por caja y est\u00e1n disponibles para pedidos al por mayor (MOQ: 200 pares). Tambi\u00e9n ofrecemos servicios OEM\/ODM para satisfacer sus necesidades espec\u00edficas, garantiz\u00e1ndole un producto que cumpla los est\u00e1ndares de su marca.<\/p>\n<ul>\n<li>Parte superior: Piel de vacuno plena flor<\/li>\n<li>Forro: Piel de cerdo plena flor<\/li>\n<li>Plantilla: Piel de cerdo plena flor<\/li>\n<li>Suela: Goma<\/li>\n<li>Color: Negro<\/li>\n<li>Temporada:<\/li>\n<li>Primavera,Verano,Oto\u00f1o<\/li>\n<li>Altura: \uff1c3cm<\/li>\n<li>Talla: 35-40<\/li>\n<li>MOQ: 200 pares<\/li>\n<li>Embalaje: 1 par\/caja<\/li>\n<li>OEM\/ODM: Aceptado<\/li>\n<\/ul>","protected":false},"excerpt":{"rendered":"<p>D\u00e9 un paso hacia la sofisticaci\u00f3n con nuestros zapatos casuales de piel plena flor de primera calidad, confeccionados con piel de vacuno plena flor de alta calidad para la parte superior y plena flor<\/p>","protected":false},"featured_media":608,"comment_status":"open","ping_status":"closed","template":"","meta":[],"product_brand":[],"product_cat":[21],"product_tag":[],"class_list":{"0":"post-671","1":"product","2":"type-product","3":"status-publish","4":"has-post-thumbnail","6":"product_cat-flat","8":"first","9":"instock","10":"taxable","11":"shipping-taxable","12":"purchasable","13":"product-type-simple"},"_links":{"self":[{"href":"https:\/\/www.weida-shoes.com\/es\/wp-json\/wp\/v2\/product\/671","targetHints":{"allow":["GET"]}}],"collection":[{"href":"https:\/\/www.weida-shoes.com\/es\/wp-json\/wp\/v2\/product"}],"about":[{"href":"https:\/\/www.weida-shoes.com\/es\/wp-json\/wp\/v2\/types\/product"}],"replies":[{"embeddable":true,"href":"https:\/\/www.weida-shoes.com\/es\/wp-json\/wp\/v2\/comments?post=671"}],"wp:featuredmedia":[{"embeddable":true,"href":"https:\/\/www.weida-shoes.com\/es\/wp-json\/wp\/v2\/media\/608"}],"wp:attachment":[{"href":"https:\/\/www.weida-shoes.com\/es\/wp-json\/wp\/v2\/media?parent=671"}],"wp:term":[{"taxonomy":"product_brand","embeddable":true,"href":"https:\/\/www.weida-shoes.com\/es\/wp-json\/wp\/v2\/product_brand?post=671"},{"taxonomy":"product_cat","embeddable":true,"href":"https:\/\/www.weida-shoes.com\/es\/wp-json\/wp\/v2\/product_cat?post=671"},{"taxonomy":"product_tag","embeddable":true,"href":"https:\/\/www.weida-shoes.com\/es\/wp-json\/wp\/v2\/product_tag?post=671"}],"curies":[{"name":"wp","href":"https:\/\/api.w.org\/{rel}","templated":true}]}}