{"id":668,"date":"2025-01-13T13:16:45","date_gmt":"2025-01-13T05:16:45","guid":{"rendered":"http:\/\/www.weida-shoes.com\/?post_type=product&#038;p=668"},"modified":"2025-06-25T09:58:40","modified_gmt":"2025-06-25T01:58:40","slug":"clasico-negro-de-cuero-real-suave-comodo-duradero-senoras-zapatos-planos","status":"publish","type":"product","link":"https:\/\/www.weida-shoes.com\/es\/producto\/clasico-negro-de-cuero-real-suave-comodo-duradero-senoras-zapatos-planos\/","title":{"rendered":"Cl\u00e1sico negro de cuero real suave c\u00f3modo duradero se\u00f1oras zapatos planos"},"content":{"rendered":"<p>Presentamos nuestro calzado de piel de primera calidad, fabricado con piel de vacuno de primera capa para la parte superior y piel de cerdo de primera capa para la plantilla y el forro. Dise\u00f1ados para proporcionar una comodidad y transpirabilidad excepcionales, estos zapatos cuentan con una suela de goma duradera para una tracci\u00f3n superior. Disponibles en negro cl\u00e1sico, son la elecci\u00f3n perfecta para las salidas de primavera, verano y oto\u00f1o. Eleve su estilo con esta combinaci\u00f3n de elegancia y funcionalidad.<\/p>\n<ul>\n<li>Parte superior: Piel de vaca de primera capa<\/li>\n<li>Forro: Piel de cerdo de primera capa<\/li>\n<li>Plantilla: Piel de cerdo de primera capa<\/li>\n<li>Suela: Goma<\/li>\n<li>Color: Negro<\/li>\n<li>Temporada:Primavera,Verano,Oto\u00f1o<\/li>\n<li>Altura: &lt;3cm<\/li>\n<li>Talla: 35-40<\/li>\n<li>MOQ: 200 pares<\/li>\n<li>Embalaje: 1 par\/caja<\/li>\n<li>OEM\/ODM: Aceptar<\/li>\n<\/ul>","protected":false},"excerpt":{"rendered":"<p>Presentamos nuestro calzado de piel de primera calidad, elaborado con piel de vacuno de primera capa de alta calidad para la parte superior y piel de cerdo de primera capa para ambos.<\/p>","protected":false},"featured_media":605,"comment_status":"open","ping_status":"closed","template":"","meta":[],"product_brand":[],"product_cat":[21],"product_tag":[],"class_list":{"0":"post-668","1":"product","2":"type-product","3":"status-publish","4":"has-post-thumbnail","6":"product_cat-flat","8":"first","9":"instock","10":"taxable","11":"shipping-taxable","12":"purchasable","13":"product-type-simple"},"_links":{"self":[{"href":"https:\/\/www.weida-shoes.com\/es\/wp-json\/wp\/v2\/product\/668","targetHints":{"allow":["GET"]}}],"collection":[{"href":"https:\/\/www.weida-shoes.com\/es\/wp-json\/wp\/v2\/product"}],"about":[{"href":"https:\/\/www.weida-shoes.com\/es\/wp-json\/wp\/v2\/types\/product"}],"replies":[{"embeddable":true,"href":"https:\/\/www.weida-shoes.com\/es\/wp-json\/wp\/v2\/comments?post=668"}],"wp:featuredmedia":[{"embeddable":true,"href":"https:\/\/www.weida-shoes.com\/es\/wp-json\/wp\/v2\/media\/605"}],"wp:attachment":[{"href":"https:\/\/www.weida-shoes.com\/es\/wp-json\/wp\/v2\/media?parent=668"}],"wp:term":[{"taxonomy":"product_brand","embeddable":true,"href":"https:\/\/www.weida-shoes.com\/es\/wp-json\/wp\/v2\/product_brand?post=668"},{"taxonomy":"product_cat","embeddable":true,"href":"https:\/\/www.weida-shoes.com\/es\/wp-json\/wp\/v2\/product_cat?post=668"},{"taxonomy":"product_tag","embeddable":true,"href":"https:\/\/www.weida-shoes.com\/es\/wp-json\/wp\/v2\/product_tag?post=668"}],"curies":[{"name":"wp","href":"https:\/\/api.w.org\/{rel}","templated":true}]}}