{"id":664,"date":"2025-01-13T13:14:44","date_gmt":"2025-01-13T05:14:44","guid":{"rendered":"http:\/\/www.weida-shoes.com\/?post_type=product&#038;p=664"},"modified":"2025-06-25T09:58:41","modified_gmt":"2025-06-25T01:58:41","slug":"full-grain-vintage-tacon-cuadrado-pequeno-ajustable-mocasines-de-senora-adecuados-para-el-trabajo","status":"publish","type":"product","link":"https:\/\/www.weida-shoes.com\/es\/producto\/full-grain-vintage-tacon-cuadrado-pequeno-ajustable-mocasines-de-senora-adecuados-para-el-trabajo\/","title":{"rendered":"Mocasines de se\u00f1ora con tac\u00f3n cuadrado ajustable, de plena flor y vintage, adecuados para el trabajo"},"content":{"rendered":"<p>Presentamos nuestras zapatillas de piel negra de primera calidad, confeccionadas con una parte superior de piel de vaca de primera capa para mayor durabilidad y sofisticaci\u00f3n. El interior est\u00e1 forrado con suave piel de cerdo de primera capa, lo que garantiza una sensaci\u00f3n de comodidad a cada paso. Equipadas con una plantilla acolchada de piel de cerdo de primera capa y una resistente suela exterior de goma, estas zapatillas proporcionan una excelente sujeci\u00f3n y tracci\u00f3n. Ideales para primavera, verano y oto\u00f1o, presentan un dise\u00f1o elegante con una altura de 3-5 cm y est\u00e1n disponibles en las tallas 35-40. Perfectas para minoristas, disponibles con un pedido m\u00ednimo de 200 pares y opciones de personalizaci\u00f3n a trav\u00e9s de nuestros servicios OEM\/ODM. Eleve su colecci\u00f3n de calzado con estas vers\u00e1tiles y elegantes zapatillas.<\/p>\n<ul>\n<li>Parte superior: Piel de vaca de primera capa<\/li>\n<li>Forro: Primera capa<\/li>\n<li>Piel de cerdo<\/li>\n<li>Plantilla: Primera capa<\/li>\n<li>Piel de cerdo<\/li>\n<li>Suela: Goma<\/li>\n<li>Color: Negro<\/li>\n<li>Temporada:<\/li>\n<li>Primavera,Verano,Oto\u00f1o<\/li>\n<li>Altura: 3-5 cm<\/li>\n<li>Talla: 35-40<\/li>\n<li>MOQ: 200 pares<\/li>\n<li>Embalaje: 1 par\/caja<\/li>\n<li>OEM\/ODM: Aceptar<\/li>\n<\/ul>","protected":false},"excerpt":{"rendered":"<p>Presentamos nuestras zapatillas deportivas de cuero negro de primera calidad, confeccionadas con una parte superior de piel de vacuno de primera capa para mayor durabilidad y sofisticaci\u00f3n. El interior est\u00e1 forrado.<\/p>","protected":false},"featured_media":601,"comment_status":"open","ping_status":"closed","template":"","meta":[],"product_brand":[],"product_cat":[20],"product_tag":[],"class_list":{"0":"post-664","1":"product","2":"type-product","3":"status-publish","4":"has-post-thumbnail","6":"product_cat-pump","8":"first","9":"instock","10":"taxable","11":"shipping-taxable","12":"purchasable","13":"product-type-simple"},"_links":{"self":[{"href":"https:\/\/www.weida-shoes.com\/es\/wp-json\/wp\/v2\/product\/664","targetHints":{"allow":["GET"]}}],"collection":[{"href":"https:\/\/www.weida-shoes.com\/es\/wp-json\/wp\/v2\/product"}],"about":[{"href":"https:\/\/www.weida-shoes.com\/es\/wp-json\/wp\/v2\/types\/product"}],"replies":[{"embeddable":true,"href":"https:\/\/www.weida-shoes.com\/es\/wp-json\/wp\/v2\/comments?post=664"}],"wp:featuredmedia":[{"embeddable":true,"href":"https:\/\/www.weida-shoes.com\/es\/wp-json\/wp\/v2\/media\/601"}],"wp:attachment":[{"href":"https:\/\/www.weida-shoes.com\/es\/wp-json\/wp\/v2\/media?parent=664"}],"wp:term":[{"taxonomy":"product_brand","embeddable":true,"href":"https:\/\/www.weida-shoes.com\/es\/wp-json\/wp\/v2\/product_brand?post=664"},{"taxonomy":"product_cat","embeddable":true,"href":"https:\/\/www.weida-shoes.com\/es\/wp-json\/wp\/v2\/product_cat?post=664"},{"taxonomy":"product_tag","embeddable":true,"href":"https:\/\/www.weida-shoes.com\/es\/wp-json\/wp\/v2\/product_tag?post=664"}],"curies":[{"name":"wp","href":"https:\/\/api.w.org\/{rel}","templated":true}]}}