{"id":662,"date":"2025-01-13T13:13:43","date_gmt":"2025-01-13T05:13:43","guid":{"rendered":"http:\/\/www.weida-shoes.com\/?post_type=product&#038;p=662"},"modified":"2025-06-25T09:58:41","modified_gmt":"2025-06-25T01:58:41","slug":"bomba-11","status":"publish","type":"product","link":"https:\/\/www.weida-shoes.com\/es\/producto\/bomba-11\/","title":{"rendered":"Punta cerrada correa trasera charol negro franc\u00e9s Mary Jane se\u00f1oras sandalias"},"content":{"rendered":"<p>Sal a la calle con estilo con nuestras elegantes sandalias de tiras de charol. Dise\u00f1adas para ofrecer versatilidad, estas sofisticadas sandalias presentan un elegante empeine de charol combinado con un c\u00f3modo forro de piel de microfibra. La plantilla moldeada de piel de microfibra ofrece una amortiguaci\u00f3n excepcional, mientras que la duradera suela exterior de goma garantiza la estabilidad en cualquier superficie. Adornadas con una elegante hebilla, estas sandalias son perfectas para las estaciones de primavera, verano y oto\u00f1o. Disponibles en negro y en varias tallas (35-40), cada par se presenta en una bonita caja. Con un pedido m\u00ednimo de s\u00f3lo 200 pares, tambi\u00e9n ofrecemos opciones de OEM y ODM para satisfacer sus necesidades de marca. Mejore su colecci\u00f3n de calzado con estas sandalias imprescindibles.<\/p>\n<ul>\n<li>Parte superior: Charol<\/li>\n<li>Forro: Piel de microfibra<\/li>\n<li>Plantilla: Microfibra de cuero<\/li>\n<li>Suela: Goma<\/li>\n<li>Decoraci\u00f3n: Hebilla de la correa<\/li>\n<li>Color: Negro<\/li>\n<li>Temporada:Primavera,Verano,Oto\u00f1o<\/li>\n<li>Altura: 3-5 cm<\/li>\n<li>Talla: 35-40<\/li>\n<li>MOQ: 200 pares<\/li>\n<li>Embalaje: 1 par\/caja<\/li>\n<li>OEM\/ODM: Aceptar<\/li>\n<\/ul>","protected":false},"excerpt":{"rendered":"<p>\u00a1Salga con estilo con nuestras elegantes sandalias de tiras de charol! Dise\u00f1adas para ser vers\u00e1tiles, estas sofisticadas sandalias presentan un elegante<\/p>","protected":false},"featured_media":599,"comment_status":"open","ping_status":"closed","template":"","meta":[],"product_brand":[],"product_cat":[20],"product_tag":[],"class_list":{"0":"post-662","1":"product","2":"type-product","3":"status-publish","4":"has-post-thumbnail","6":"product_cat-pump","8":"first","9":"instock","10":"taxable","11":"shipping-taxable","12":"purchasable","13":"product-type-simple"},"_links":{"self":[{"href":"https:\/\/www.weida-shoes.com\/es\/wp-json\/wp\/v2\/product\/662","targetHints":{"allow":["GET"]}}],"collection":[{"href":"https:\/\/www.weida-shoes.com\/es\/wp-json\/wp\/v2\/product"}],"about":[{"href":"https:\/\/www.weida-shoes.com\/es\/wp-json\/wp\/v2\/types\/product"}],"replies":[{"embeddable":true,"href":"https:\/\/www.weida-shoes.com\/es\/wp-json\/wp\/v2\/comments?post=662"}],"wp:featuredmedia":[{"embeddable":true,"href":"https:\/\/www.weida-shoes.com\/es\/wp-json\/wp\/v2\/media\/599"}],"wp:attachment":[{"href":"https:\/\/www.weida-shoes.com\/es\/wp-json\/wp\/v2\/media?parent=662"}],"wp:term":[{"taxonomy":"product_brand","embeddable":true,"href":"https:\/\/www.weida-shoes.com\/es\/wp-json\/wp\/v2\/product_brand?post=662"},{"taxonomy":"product_cat","embeddable":true,"href":"https:\/\/www.weida-shoes.com\/es\/wp-json\/wp\/v2\/product_cat?post=662"},{"taxonomy":"product_tag","embeddable":true,"href":"https:\/\/www.weida-shoes.com\/es\/wp-json\/wp\/v2\/product_tag?post=662"}],"curies":[{"name":"wp","href":"https:\/\/api.w.org\/{rel}","templated":true}]}}