{"id":661,"date":"2025-01-13T13:13:15","date_gmt":"2025-01-13T05:13:15","guid":{"rendered":"http:\/\/www.weida-shoes.com\/?post_type=product&#038;p=661"},"modified":"2025-06-25T09:58:41","modified_gmt":"2025-06-25T01:58:41","slug":"saten-gris-poco-profunda-abierta-talon-cuadrado-dedo-del-pie-senalado-senoras-zapatos-planos-adecuados-para-bodas","status":"publish","type":"product","link":"https:\/\/www.weida-shoes.com\/es\/producto\/saten-gris-poco-profunda-abierta-talon-cuadrado-dedo-del-pie-senalado-senoras-zapatos-planos-adecuados-para-bodas\/","title":{"rendered":"Gris sat\u00e9n superficial abierto tal\u00f3n cuadrado dedo del pie se\u00f1alado se\u00f1oras zapatos planos adecuados para bodas"},"content":{"rendered":"<p>Entre en la comodidad y el estilo con nuestros elegantes zapatos de piel de microfibra gris. Confeccionados con un lujoso forro de sat\u00e9n y una suave plantilla de piel de cerdo, estos zapatos ofrecen una comodidad superior para sus pies. La duradera suela de goma garantiza un excelente agarre, lo que los hace perfectos para llevar en primavera, verano y oto\u00f1o. Con una altura de 3-5 cm, proporcionan una favorecedora elevaci\u00f3n sin sacrificar la comodidad. Disponibles en las tallas 35-40, estos zapatos vienen empaquetados por pares, ideales para su exposici\u00f3n en tiendas. Aceptamos pedidos OEM\/ODM con una cantidad m\u00ednima de 200 pares, para satisfacer sus necesidades espec\u00edficas.<\/p>\n<ul>\n<li>Parte superior: Sat\u00e9n<\/li>\n<li>Forro: Piel de microfibra<\/li>\n<li>Plantilla: Piel de cerdo<\/li>\n<li>Suela: Goma<\/li>\n<li>Color: Gris<\/li>\n<li>Temporada:<\/li>\n<li>Primavera,Verano,Oto\u00f1o<\/li>\n<li>Altura: 3-5 cm<\/li>\n<li>Talla: 35-40<\/li>\n<li>MOQ: 200 pares<\/li>\n<li>Embalaje: 1 par\/caja<\/li>\n<li>OEM\/ODM: Aceptar<\/li>\n<\/ul>","protected":false},"excerpt":{"rendered":"<p>Disfrute de la comodidad y el estilo con nuestros elegantes zapatos de microfibra gris. Confeccionados con un lujoso forro de sat\u00e9n y una suave<\/p>","protected":false},"featured_media":598,"comment_status":"open","ping_status":"closed","template":"","meta":[],"product_brand":[],"product_cat":[20],"product_tag":[],"class_list":{"0":"post-661","1":"product","2":"type-product","3":"status-publish","4":"has-post-thumbnail","6":"product_cat-pump","8":"first","9":"instock","10":"taxable","11":"shipping-taxable","12":"purchasable","13":"product-type-simple"},"_links":{"self":[{"href":"https:\/\/www.weida-shoes.com\/es\/wp-json\/wp\/v2\/product\/661","targetHints":{"allow":["GET"]}}],"collection":[{"href":"https:\/\/www.weida-shoes.com\/es\/wp-json\/wp\/v2\/product"}],"about":[{"href":"https:\/\/www.weida-shoes.com\/es\/wp-json\/wp\/v2\/types\/product"}],"replies":[{"embeddable":true,"href":"https:\/\/www.weida-shoes.com\/es\/wp-json\/wp\/v2\/comments?post=661"}],"wp:featuredmedia":[{"embeddable":true,"href":"https:\/\/www.weida-shoes.com\/es\/wp-json\/wp\/v2\/media\/598"}],"wp:attachment":[{"href":"https:\/\/www.weida-shoes.com\/es\/wp-json\/wp\/v2\/media?parent=661"}],"wp:term":[{"taxonomy":"product_brand","embeddable":true,"href":"https:\/\/www.weida-shoes.com\/es\/wp-json\/wp\/v2\/product_brand?post=661"},{"taxonomy":"product_cat","embeddable":true,"href":"https:\/\/www.weida-shoes.com\/es\/wp-json\/wp\/v2\/product_cat?post=661"},{"taxonomy":"product_tag","embeddable":true,"href":"https:\/\/www.weida-shoes.com\/es\/wp-json\/wp\/v2\/product_tag?post=661"}],"curies":[{"name":"wp","href":"https:\/\/api.w.org\/{rel}","templated":true}]}}