{"id":651,"date":"2025-01-13T13:07:13","date_gmt":"2025-01-13T05:07:13","guid":{"rendered":"http:\/\/www.weida-shoes.com\/?post_type=product&#038;p=651"},"modified":"2025-06-25T09:58:41","modified_gmt":"2025-06-25T01:58:41","slug":"cuero-real-negro-forrado-de-piel-horsebit-hebilla-senoras-casual-mule-zapatillas","status":"publish","type":"product","link":"https:\/\/www.weida-shoes.com\/es\/producto\/cuero-real-negro-forrado-de-piel-horsebit-hebilla-senoras-casual-mule-zapatillas\/","title":{"rendered":"Aut\u00e9ntico cuero negro forrado de piel horsebit hebilla se\u00f1oras casual mule zapatillas"},"content":{"rendered":"<p>Presentamos nuestros lujosos mocasines de piel con forro de lana, confeccionados con piel de vacuno plena flor de primera calidad para un acabado impresionante y duradero. Con un suave forro y plantilla de lana, estos mocasines garantizan que sus pies permanezcan calientes y acogedores durante las estaciones de oto\u00f1o e invierno. La suela exterior de goma antideslizante proporciona una excelente tracci\u00f3n, mientras que la exquisita hebilla dorada en forma de bocado de caballo a\u00f1ade un toque de sofisticaci\u00f3n. Disponibles en un elegante color negro, estos mocasines se adaptan a las tallas 35-40 con una altura baja de menos de 3 cm. Perfectos tanto para el lujo personal como para oportunidades de compra al por mayor, con una cantidad m\u00ednima de pedido de 200 pares. Tambi\u00e9n disponemos de dise\u00f1os personalizados y opciones de embalaje para satisfacer sus necesidades.<\/p>\n<ul>\n<li>Parte superior: Piel de vacuno plena flor<\/li>\n<li>Forro: Lana<\/li>\n<li>Plantilla: Lana<\/li>\n<li>Suela: Goma<\/li>\n<li>Decoraci\u00f3n: Caballo dorado<\/li>\n<li>hebilla de broca<\/li>\n<li>Color: Negro<\/li>\n<li>Estaci\u00f3n: Oto\u00f1o, Invierno<\/li>\n<li>Altura: \uff1c3cm<\/li>\n<li>Talla: 35-40<\/li>\n<li>MOQ: 200 pares<\/li>\n<li>Embalaje: 1 par\/caja<\/li>\n<li>OEM\/ODM: Aceptado<\/li>\n<\/ul>","protected":false},"excerpt":{"rendered":"<p>Presentamos nuestros lujosos mocasines de piel con forro de lana, confeccionados con piel de vacuno de grano completo de primera calidad para un acabado impresionante y duradero. Con una suela blanda<\/p>","protected":false},"featured_media":588,"comment_status":"open","ping_status":"closed","template":"","meta":[],"product_brand":[],"product_cat":[19],"product_tag":[],"class_list":{"0":"post-651","1":"product","2":"type-product","3":"status-publish","4":"has-post-thumbnail","6":"product_cat-sandal","8":"first","9":"instock","10":"taxable","11":"shipping-taxable","12":"purchasable","13":"product-type-simple"},"_links":{"self":[{"href":"https:\/\/www.weida-shoes.com\/es\/wp-json\/wp\/v2\/product\/651","targetHints":{"allow":["GET"]}}],"collection":[{"href":"https:\/\/www.weida-shoes.com\/es\/wp-json\/wp\/v2\/product"}],"about":[{"href":"https:\/\/www.weida-shoes.com\/es\/wp-json\/wp\/v2\/types\/product"}],"replies":[{"embeddable":true,"href":"https:\/\/www.weida-shoes.com\/es\/wp-json\/wp\/v2\/comments?post=651"}],"wp:featuredmedia":[{"embeddable":true,"href":"https:\/\/www.weida-shoes.com\/es\/wp-json\/wp\/v2\/media\/588"}],"wp:attachment":[{"href":"https:\/\/www.weida-shoes.com\/es\/wp-json\/wp\/v2\/media?parent=651"}],"wp:term":[{"taxonomy":"product_brand","embeddable":true,"href":"https:\/\/www.weida-shoes.com\/es\/wp-json\/wp\/v2\/product_brand?post=651"},{"taxonomy":"product_cat","embeddable":true,"href":"https:\/\/www.weida-shoes.com\/es\/wp-json\/wp\/v2\/product_cat?post=651"},{"taxonomy":"product_tag","embeddable":true,"href":"https:\/\/www.weida-shoes.com\/es\/wp-json\/wp\/v2\/product_tag?post=651"}],"curies":[{"name":"wp","href":"https:\/\/api.w.org\/{rel}","templated":true}]}}