{"id":718,"date":"2025-01-13T15:52:24","date_gmt":"2025-01-13T07:52:24","guid":{"rendered":"http:\/\/www.weida-shoes.com\/?page_id=718"},"modified":"2025-02-10T10:18:28","modified_gmt":"2025-02-10T02:18:28","slug":"empresa","status":"publish","type":"page","link":"https:\/\/www.weida-shoes.com\/es\/empresa\/","title":{"rendered":"Empresas"},"content":{"rendered":"<div data-elementor-type=\"wp-page\" data-elementor-id=\"718\" class=\"elementor elementor-718\">\n\t\t\t\t<div class=\"wd-negative-gap elementor-element elementor-element-dd731d2 e-flex e-con-boxed e-con e-parent\" data-id=\"dd731d2\" data-element_type=\"container\">\n\t\t\t\t\t<div class=\"e-con-inner\">\n\t\t\t\t<div class=\"elementor-element elementor-element-745b8c0 elementor-widget elementor-widget-image\" data-id=\"745b8c0\" data-element_type=\"widget\" data-widget_type=\"image.default\">\n\t\t\t\t<div class=\"elementor-widget-container\">\n\t\t\t\t\t\t\t\t\t\t\t\t\t\t\t<img fetchpriority=\"high\" decoding=\"async\" width=\"1920\" height=\"600\" src=\"https:\/\/www.weida-shoes.com\/wp-content\/uploads\/2025\/01\/776213434.jpg\" class=\"attachment-full size-full wp-image-729\" alt=\"\" srcset=\"https:\/\/www.weida-shoes.com\/wp-content\/uploads\/2025\/01\/776213434.jpg 1920w, https:\/\/www.weida-shoes.com\/wp-content\/uploads\/2025\/01\/776213434-150x47.jpg 150w, https:\/\/www.weida-shoes.com\/wp-content\/uploads\/2025\/01\/776213434-600x188.jpg 600w, https:\/\/www.weida-shoes.com\/wp-content\/uploads\/2025\/01\/776213434-300x94.jpg 300w, https:\/\/www.weida-shoes.com\/wp-content\/uploads\/2025\/01\/776213434-1024x320.jpg 1024w, https:\/\/www.weida-shoes.com\/wp-content\/uploads\/2025\/01\/776213434-768x240.jpg 768w, https:\/\/www.weida-shoes.com\/wp-content\/uploads\/2025\/01\/776213434-1536x480.jpg 1536w\" sizes=\"(max-width: 1920px) 100vw, 1920px\" \/>\t\t\t\t\t\t\t\t\t\t\t\t\t\t\t<\/div>\n\t\t\t\t<\/div>\n\t\t<div class=\"elementor-element elementor-element-6a4483f e-con-full e-flex e-con e-child\" data-id=\"6a4483f\" data-element_type=\"container\" data-settings=\"{&quot;position&quot;:&quot;absolute&quot;}\">\n\t\t\t\t<div class=\"elementor-element elementor-element-d88f4e4 elementor-invisible elementor-widget elementor-widget-heading\" data-id=\"d88f4e4\" data-element_type=\"widget\" data-settings=\"{&quot;_animation&quot;:&quot;fadeInUp&quot;}\" data-widget_type=\"heading.default\">\n\t\t\t\t<div class=\"elementor-widget-container\">\n\t\t\t\t\t<h2 class=\"elementor-heading-title elementor-size-default\">Empresas<\/h2>\t\t\t\t<\/div>\n\t\t\t\t<\/div>\n\t\t\t\t<\/div>\n\t\t\t\t\t<\/div>\n\t\t\t\t<\/div>\n\t\t<div class=\"elementor-element elementor-element-e35c24b e-flex e-con-boxed e-con e-parent\" data-id=\"e35c24b\" data-element_type=\"container\">\n\t\t\t\t\t<div class=\"e-con-inner\">\n\t\t<div class=\"elementor-element elementor-element-d73638a e-con-full e-flex elementor-invisible e-con e-child\" data-id=\"d73638a\" data-element_type=\"container\" data-settings=\"{&quot;animation&quot;:&quot;fadeInLeft&quot;}\">\n\t\t\t\t<div class=\"elementor-element elementor-element-7e1a84a elementor-widget elementor-widget-heading\" data-id=\"7e1a84a\" data-element_type=\"widget\" data-widget_type=\"heading.default\">\n\t\t\t\t<div class=\"elementor-widget-container\">\n\t\t\t\t\t<h2 class=\"elementor-heading-title elementor-size-default\">Proceso de compra<\/h2>\t\t\t\t<\/div>\n\t\t\t\t<\/div>\n\t\t\t\t<div class=\"elementor-element elementor-element-c6e0288 color-scheme-inherit text-left elementor-widget elementor-widget-text-editor\" data-id=\"c6e0288\" data-element_type=\"widget\" data-widget_type=\"text-editor.default\">\n\t\t\t\t<div class=\"elementor-widget-container\">\n\t\t\t\t\t\t\t\t\t<p>En funci\u00f3n de la planificaci\u00f3n de los productos, los proveedores se someten a una rigurosa selecci\u00f3n. Se adquieren con precisi\u00f3n materiales superiores de alta calidad (como cuero de vaca para zapatos de piel, malla y cuero sint\u00e9tico para zapatos deportivos), materiales para suelas (caucho natural para zapatos de trabajo, EVA para zapatos informales y deportivos, etc.) y accesorios (cordones duraderos, hebillas adecuadas para zapatos, plantillas funcionales). Mediante inspecciones aleatorias y comunicaci\u00f3n, se garantiza la calidad estable de las materias primas.<\/p>\t\t\t\t\t\t\t\t<\/div>\n\t\t\t\t<\/div>\n\t\t\t\t<\/div>\n\t\t<div class=\"elementor-element elementor-element-ffece59 e-con-full e-flex elementor-invisible e-con e-child\" data-id=\"ffece59\" data-element_type=\"container\" data-settings=\"{&quot;animation&quot;:&quot;fadeInRight&quot;}\">\n\t\t\t\t<div class=\"elementor-element elementor-element-7c7f4a8 elementor-widget elementor-widget-image\" data-id=\"7c7f4a8\" data-element_type=\"widget\" data-widget_type=\"image.default\">\n\t\t\t\t<div class=\"elementor-widget-container\">\n\t\t\t\t\t\t\t\t\t\t\t\t\t\t\t<img decoding=\"async\" width=\"768\" height=\"576\" src=\"https:\/\/www.weida-shoes.com\/wp-content\/uploads\/2025\/01\/67567.jpg\" class=\"attachment-large size-large wp-image-943\" alt=\"\" srcset=\"https:\/\/www.weida-shoes.com\/wp-content\/uploads\/2025\/01\/67567.jpg 768w, https:\/\/www.weida-shoes.com\/wp-content\/uploads\/2025\/01\/67567-150x113.jpg 150w, https:\/\/www.weida-shoes.com\/wp-content\/uploads\/2025\/01\/67567-600x450.jpg 600w, https:\/\/www.weida-shoes.com\/wp-content\/uploads\/2025\/01\/67567-300x225.jpg 300w\" sizes=\"(max-width: 768px) 100vw, 768px\" \/>\t\t\t\t\t\t\t\t\t\t\t\t\t\t\t<\/div>\n\t\t\t\t<\/div>\n\t\t\t\t<\/div>\n\t\t\t\t\t<\/div>\n\t\t\t\t<\/div>\n\t\t<div class=\"elementor-element elementor-element-a11caf2 e-flex e-con-boxed e-con e-parent\" data-id=\"a11caf2\" data-element_type=\"container\">\n\t\t\t\t\t<div class=\"e-con-inner\">\n\t\t<div class=\"elementor-element elementor-element-aa8ff85 e-con-full e-flex elementor-invisible e-con e-child\" data-id=\"aa8ff85\" data-element_type=\"container\" data-settings=\"{&quot;animation&quot;:&quot;fadeInLeft&quot;}\">\n\t\t\t\t<div class=\"elementor-element elementor-element-b8f2116 elementor-widget elementor-widget-heading\" data-id=\"b8f2116\" data-element_type=\"widget\" data-widget_type=\"heading.default\">\n\t\t\t\t<div class=\"elementor-widget-container\">\n\t\t\t\t\t<h2 class=\"elementor-heading-title elementor-size-default\">Proceso de producci\u00f3n<\/h2>\t\t\t\t<\/div>\n\t\t\t\t<\/div>\n\t\t\t\t<div class=\"elementor-element elementor-element-16cb8e0 color-scheme-inherit text-left elementor-widget elementor-widget-text-editor\" data-id=\"16cb8e0\" data-element_type=\"widget\" data-widget_type=\"text-editor.default\">\n\t\t\t\t<div class=\"elementor-widget-container\">\n\t\t\t\t\t\t\t\t\t<p>En primer lugar, los materiales de la parte superior se cortan con precisi\u00f3n utilizando equipos de corte automatizados y moldes de alta precisi\u00f3n. A continuaci\u00f3n, trabajadores cualificados utilizan m\u00e1quinas de coser profesionales y combinan las t\u00e9cnicas correspondientes (una combinaci\u00f3n de cosido a mano y cosido a m\u00e1quina para zapatos de cuero, cosido con hilo de alta resistencia para calzado deportivo) para coser las partes superiores. Despu\u00e9s, se utiliza pegamento ecol\u00f3gico o t\u00e9cnicas espec\u00edficas para combinar la parte superior y la suela y formar los zapatos. Por \u00faltimo, se llevan a cabo m\u00faltiples inspecciones de calidad en los zapatos, incluidas inspecciones de aspecto (comprobaci\u00f3n de defectos, uniformidad del color y pulcritud de las puntadas) e inspecciones funcionales (comprobaci\u00f3n de las propiedades antideslizantes y de resistencia al desgaste de la suela, el rendimiento transpirable e impermeable de la parte superior y el nivel de comodidad).<\/p>\t\t\t\t\t\t\t\t<\/div>\n\t\t\t\t<\/div>\n\t\t\t\t<\/div>\n\t\t<div class=\"elementor-element elementor-element-430589d e-con-full e-flex elementor-invisible e-con e-child\" data-id=\"430589d\" data-element_type=\"container\" data-settings=\"{&quot;animation&quot;:&quot;fadeInRight&quot;}\">\n\t\t\t\t<div class=\"elementor-element elementor-element-0204faa elementor-widget elementor-widget-image\" data-id=\"0204faa\" data-element_type=\"widget\" data-widget_type=\"image.default\">\n\t\t\t\t<div class=\"elementor-widget-container\">\n\t\t\t\t\t\t\t\t\t\t\t\t\t\t\t<img decoding=\"async\" width=\"1024\" height=\"718\" src=\"https:\/\/www.weida-shoes.com\/wp-content\/uploads\/2025\/01\/52451242-1024x718.jpg\" class=\"attachment-large size-large wp-image-853\" alt=\"\" srcset=\"https:\/\/www.weida-shoes.com\/wp-content\/uploads\/2025\/01\/52451242-1024x718.jpg 1024w, https:\/\/www.weida-shoes.com\/wp-content\/uploads\/2025\/01\/52451242-150x105.jpg 150w, https:\/\/www.weida-shoes.com\/wp-content\/uploads\/2025\/01\/52451242-600x421.jpg 600w, https:\/\/www.weida-shoes.com\/wp-content\/uploads\/2025\/01\/52451242-300x210.jpg 300w, https:\/\/www.weida-shoes.com\/wp-content\/uploads\/2025\/01\/52451242-768x538.jpg 768w, https:\/\/www.weida-shoes.com\/wp-content\/uploads\/2025\/01\/52451242-1536x1077.jpg 1536w, https:\/\/www.weida-shoes.com\/wp-content\/uploads\/2025\/01\/52451242.jpg 1589w\" sizes=\"(max-width: 1024px) 100vw, 1024px\" \/>\t\t\t\t\t\t\t\t\t\t\t\t\t\t\t<\/div>\n\t\t\t\t<\/div>\n\t\t\t\t<\/div>\n\t\t\t\t\t<\/div>\n\t\t\t\t<\/div>\n\t\t<div class=\"elementor-element elementor-element-dd51eac e-flex e-con-boxed e-con e-parent\" data-id=\"dd51eac\" data-element_type=\"container\">\n\t\t\t\t\t<div class=\"e-con-inner\">\n\t\t<div class=\"elementor-element elementor-element-e8073d1 e-con-full e-flex elementor-invisible e-con e-child\" data-id=\"e8073d1\" data-element_type=\"container\" data-settings=\"{&quot;animation&quot;:&quot;fadeInLeft&quot;}\">\n\t\t\t\t<div class=\"elementor-element elementor-element-eb6e93b elementor-widget elementor-widget-heading\" data-id=\"eb6e93b\" data-element_type=\"widget\" data-widget_type=\"heading.default\">\n\t\t\t\t<div class=\"elementor-widget-container\">\n\t\t\t\t\t<h2 class=\"elementor-heading-title elementor-size-default\">Proceso log\u00edstico<\/h2>\t\t\t\t<\/div>\n\t\t\t\t<\/div>\n\t\t\t\t<div class=\"elementor-element elementor-element-96b82b2 color-scheme-inherit text-left elementor-widget elementor-widget-text-editor\" data-id=\"96b82b2\" data-element_type=\"widget\" data-widget_type=\"text-editor.default\">\n\t\t\t\t<div class=\"elementor-widget-container\">\n\t\t\t\t\t\t\t\t\t<p>La f\u00e1brica de zapatos Weida coopera con socios log\u00edsticos profesionales. De acuerdo con los requisitos del pedido, los zapatos acabados se empaquetan eficazmente. Se adoptan m\u00e9todos de transporte adecuados (transporte terrestre, transporte mar\u00edtimo, transporte a\u00e9reo), y el estado del transporte de las mercanc\u00edas se rastrea en tiempo real para garantizar que los productos se entregan de forma segura y puntual a los clientes, ya sean minoristas nacionales o importadores extranjeros.<\/p>\t\t\t\t\t\t\t\t<\/div>\n\t\t\t\t<\/div>\n\t\t\t\t<\/div>\n\t\t<div class=\"elementor-element elementor-element-bb5c0f8 e-con-full e-flex elementor-invisible e-con e-child\" data-id=\"bb5c0f8\" data-element_type=\"container\" data-settings=\"{&quot;animation&quot;:&quot;fadeInRight&quot;}\">\n\t\t\t\t<div class=\"elementor-element elementor-element-4eede0c elementor-widget elementor-widget-image\" data-id=\"4eede0c\" data-element_type=\"widget\" data-widget_type=\"image.default\">\n\t\t\t\t<div class=\"elementor-widget-container\">\n\t\t\t\t\t\t\t\t\t\t\t\t\t\t\t<img loading=\"lazy\" decoding=\"async\" width=\"1024\" height=\"718\" src=\"https:\/\/www.weida-shoes.com\/wp-content\/uploads\/2025\/01\/86743535-1024x718.jpg\" class=\"attachment-large size-large wp-image-854\" alt=\"\" srcset=\"https:\/\/www.weida-shoes.com\/wp-content\/uploads\/2025\/01\/86743535-1024x718.jpg 1024w, https:\/\/www.weida-shoes.com\/wp-content\/uploads\/2025\/01\/86743535-150x105.jpg 150w, https:\/\/www.weida-shoes.com\/wp-content\/uploads\/2025\/01\/86743535-600x421.jpg 600w, https:\/\/www.weida-shoes.com\/wp-content\/uploads\/2025\/01\/86743535-300x210.jpg 300w, https:\/\/www.weida-shoes.com\/wp-content\/uploads\/2025\/01\/86743535-768x538.jpg 768w, https:\/\/www.weida-shoes.com\/wp-content\/uploads\/2025\/01\/86743535-1536x1077.jpg 1536w, https:\/\/www.weida-shoes.com\/wp-content\/uploads\/2025\/01\/86743535.jpg 1589w\" sizes=\"(max-width: 1024px) 100vw, 1024px\" \/>\t\t\t\t\t\t\t\t\t\t\t\t\t\t\t<\/div>\n\t\t\t\t<\/div>\n\t\t\t\t<\/div>\n\t\t\t\t\t<\/div>\n\t\t\t\t<\/div>\n\t\t<div class=\"elementor-element elementor-element-771ea17 e-flex e-con-boxed e-con e-parent\" data-id=\"771ea17\" data-element_type=\"container\">\n\t\t\t\t\t<div class=\"e-con-inner\">\n\t\t<div class=\"elementor-element elementor-element-bc57889 e-con-full e-flex elementor-invisible e-con e-child\" data-id=\"bc57889\" data-element_type=\"container\" data-settings=\"{&quot;animation&quot;:&quot;fadeInLeft&quot;}\">\n\t\t\t\t<div class=\"elementor-element elementor-element-e4fa925 elementor-widget elementor-widget-heading\" data-id=\"e4fa925\" data-element_type=\"widget\" data-widget_type=\"heading.default\">\n\t\t\t\t<div class=\"elementor-widget-container\">\n\t\t\t\t\t<h2 class=\"elementor-heading-title elementor-size-default\">Proceso de servicio posventa<\/h2>\t\t\t\t<\/div>\n\t\t\t\t<\/div>\n\t\t\t\t<div class=\"elementor-element elementor-element-b2e053d color-scheme-inherit text-left elementor-widget elementor-widget-text-editor\" data-id=\"b2e053d\" data-element_type=\"widget\" data-widget_type=\"text-editor.default\">\n\t\t\t\t<div class=\"elementor-widget-container\">\n\t\t\t\t\t\t\t\t\t<p>Formular una pol\u00edtica clara de servicio posventa; gestionar con prontitud los problemas de calidad en un plazo de 90 d\u00edas (como suelas rotas, separaci\u00f3n de pegamento, etc.); proporcionar a los clientes conocimientos sobre el cuidado del calzado (como encerado de zapatos de piel, m\u00e9todos de secado de zapatillas, etc.); establecer m\u00faltiples canales de reclamaci\u00f3n (tel\u00e9fono, correo electr\u00f3nico, plataforma en l\u00ednea), y contar con personal especializado que haga un seguimiento para resolver problemas, registrar y analizar, con el objetivo de mejorar la satisfacci\u00f3n y fidelidad de los clientes.<\/p>\t\t\t\t\t\t\t\t<\/div>\n\t\t\t\t<\/div>\n\t\t\t\t<\/div>\n\t\t<div class=\"elementor-element elementor-element-dad2311 e-con-full e-flex elementor-invisible e-con e-child\" data-id=\"dad2311\" data-element_type=\"container\" data-settings=\"{&quot;animation&quot;:&quot;fadeInRight&quot;}\">\n\t\t\t\t<div class=\"elementor-element elementor-element-39ee16a elementor-widget elementor-widget-image\" data-id=\"39ee16a\" data-element_type=\"widget\" data-widget_type=\"image.default\">\n\t\t\t\t<div class=\"elementor-widget-container\">\n\t\t\t\t\t\t\t\t\t\t\t\t\t\t\t<img loading=\"lazy\" decoding=\"async\" width=\"1024\" height=\"718\" src=\"https:\/\/www.weida-shoes.com\/wp-content\/uploads\/2025\/01\/647547657-1024x718.jpg\" class=\"attachment-large size-large wp-image-855\" alt=\"\" srcset=\"https:\/\/www.weida-shoes.com\/wp-content\/uploads\/2025\/01\/647547657-1024x718.jpg 1024w, https:\/\/www.weida-shoes.com\/wp-content\/uploads\/2025\/01\/647547657-150x105.jpg 150w, https:\/\/www.weida-shoes.com\/wp-content\/uploads\/2025\/01\/647547657-600x421.jpg 600w, https:\/\/www.weida-shoes.com\/wp-content\/uploads\/2025\/01\/647547657-300x210.jpg 300w, https:\/\/www.weida-shoes.com\/wp-content\/uploads\/2025\/01\/647547657-768x538.jpg 768w, https:\/\/www.weida-shoes.com\/wp-content\/uploads\/2025\/01\/647547657-1536x1077.jpg 1536w, https:\/\/www.weida-shoes.com\/wp-content\/uploads\/2025\/01\/647547657.jpg 1589w\" sizes=\"(max-width: 1024px) 100vw, 1024px\" \/>\t\t\t\t\t\t\t\t\t\t\t\t\t\t\t<\/div>\n\t\t\t\t<\/div>\n\t\t\t\t<\/div>\n\t\t\t\t\t<\/div>\n\t\t\t\t<\/div>\n\t\t<div class=\"elementor-element elementor-element-cbd2d3b e-flex e-con-boxed e-con e-parent\" data-id=\"cbd2d3b\" data-element_type=\"container\">\n\t\t\t\t\t<div class=\"e-con-inner\">\n\t\t<div class=\"elementor-element elementor-element-60c1510 e-con-full e-flex elementor-invisible e-con e-child\" data-id=\"60c1510\" data-element_type=\"container\" data-settings=\"{&quot;animation&quot;:&quot;fadeInLeft&quot;}\">\n\t\t\t\t<div class=\"elementor-element elementor-element-19d78b6 elementor-widget elementor-widget-heading\" data-id=\"19d78b6\" data-element_type=\"widget\" data-widget_type=\"heading.default\">\n\t\t\t\t<div class=\"elementor-widget-container\">\n\t\t\t\t\t<h2 class=\"elementor-heading-title elementor-size-default\">Proceso OEM<\/h2>\t\t\t\t<\/div>\n\t\t\t\t<\/div>\n\t\t\t\t<div class=\"elementor-element elementor-element-31e4869 color-scheme-inherit text-left elementor-widget elementor-widget-text-editor\" data-id=\"31e4869\" data-element_type=\"widget\" data-widget_type=\"text-editor.default\">\n\t\t\t\t<div class=\"elementor-widget-container\">\n\t\t\t\t\t\t\t\t\t<p>Los clientes proporcionan esquemas de dise\u00f1o y normas t\u00e9cnicas. Bas\u00e1ndose en su propia capacidad y t\u00e9cnicas de producci\u00f3n, la F\u00e1brica de Calzado Weida lleva a cabo una producci\u00f3n personalizada que se ajusta estrictamente a los requisitos de los clientes, desde la adquisici\u00f3n de materias primas hasta el procesamiento de la producci\u00f3n, garantizando la calidad del producto y el ciclo de entrega. Finalmente, los zapatos se venden con las marcas de los clientes.<\/p>\t\t\t\t\t\t\t\t<\/div>\n\t\t\t\t<\/div>\n\t\t\t\t<\/div>\n\t\t<div class=\"elementor-element elementor-element-9c3d8d6 e-con-full e-flex elementor-invisible e-con e-child\" data-id=\"9c3d8d6\" data-element_type=\"container\" data-settings=\"{&quot;animation&quot;:&quot;fadeInRight&quot;}\">\n\t\t\t\t<div class=\"elementor-element elementor-element-d05b14f elementor-widget elementor-widget-image\" data-id=\"d05b14f\" data-element_type=\"widget\" data-widget_type=\"image.default\">\n\t\t\t\t<div class=\"elementor-widget-container\">\n\t\t\t\t\t\t\t\t\t\t\t\t\t\t\t<img loading=\"lazy\" decoding=\"async\" width=\"1024\" height=\"718\" src=\"https:\/\/www.weida-shoes.com\/wp-content\/uploads\/2025\/01\/7567868-1024x718.jpg\" class=\"attachment-large size-large wp-image-857\" alt=\"\" srcset=\"https:\/\/www.weida-shoes.com\/wp-content\/uploads\/2025\/01\/7567868-1024x718.jpg 1024w, https:\/\/www.weida-shoes.com\/wp-content\/uploads\/2025\/01\/7567868-150x105.jpg 150w, https:\/\/www.weida-shoes.com\/wp-content\/uploads\/2025\/01\/7567868-600x421.jpg 600w, https:\/\/www.weida-shoes.com\/wp-content\/uploads\/2025\/01\/7567868-300x210.jpg 300w, https:\/\/www.weida-shoes.com\/wp-content\/uploads\/2025\/01\/7567868-768x538.jpg 768w, https:\/\/www.weida-shoes.com\/wp-content\/uploads\/2025\/01\/7567868-1536x1077.jpg 1536w, https:\/\/www.weida-shoes.com\/wp-content\/uploads\/2025\/01\/7567868.jpg 1589w\" sizes=\"(max-width: 1024px) 100vw, 1024px\" \/>\t\t\t\t\t\t\t\t\t\t\t\t\t\t\t<\/div>\n\t\t\t\t<\/div>\n\t\t\t\t<\/div>\n\t\t\t\t\t<\/div>\n\t\t\t\t<\/div>\n\t\t<div class=\"elementor-element elementor-element-a80f633 e-flex e-con-boxed e-con e-parent\" data-id=\"a80f633\" data-element_type=\"container\">\n\t\t\t\t\t<div class=\"e-con-inner\">\n\t\t<div class=\"elementor-element elementor-element-862d7f9 e-con-full e-flex elementor-invisible e-con e-child\" data-id=\"862d7f9\" data-element_type=\"container\" data-settings=\"{&quot;animation&quot;:&quot;fadeInLeft&quot;}\">\n\t\t\t\t<div class=\"elementor-element elementor-element-39a7d42 elementor-widget elementor-widget-heading\" data-id=\"39a7d42\" data-element_type=\"widget\" data-widget_type=\"heading.default\">\n\t\t\t\t<div class=\"elementor-widget-container\">\n\t\t\t\t\t<h2 class=\"elementor-heading-title elementor-size-default\">Proceso ODM<\/h2>\t\t\t\t<\/div>\n\t\t\t\t<\/div>\n\t\t\t\t<div class=\"elementor-element elementor-element-ffa0d28 color-scheme-inherit text-left elementor-widget elementor-widget-text-editor\" data-id=\"ffa0d28\" data-element_type=\"widget\" data-widget_type=\"text-editor.default\">\n\t\t\t\t<div class=\"elementor-widget-container\">\n\t\t\t\t\t\t\t\t\t<p>Bas\u00e1ndose en las tendencias del mercado y en sus propias capacidades de dise\u00f1o e I+D, Weida Shoe Factory ofrece servicios integrales a los clientes, que van desde el dise\u00f1o del concepto del producto (integrando las tendencias de la moda y los requisitos funcionales), el desarrollo de muestras y la producci\u00f3n, hasta la fabricaci\u00f3n en serie. Despu\u00e9s de que los clientes elijan los esquemas de dise\u00f1o preferidos, Weida Shoe Factory completa los procesos de producci\u00f3n subsiguientes para ayudar a los clientes a lanzar productos de calzado competitivos y ampliar su cuota de mercado.<\/p>\t\t\t\t\t\t\t\t<\/div>\n\t\t\t\t<\/div>\n\t\t\t\t<\/div>\n\t\t<div class=\"elementor-element elementor-element-e115a24 e-con-full e-flex elementor-invisible e-con e-child\" data-id=\"e115a24\" data-element_type=\"container\" data-settings=\"{&quot;animation&quot;:&quot;fadeInRight&quot;}\">\n\t\t\t\t<div class=\"elementor-element elementor-element-ec6d41e elementor-widget elementor-widget-image\" data-id=\"ec6d41e\" data-element_type=\"widget\" data-widget_type=\"image.default\">\n\t\t\t\t<div class=\"elementor-widget-container\">\n\t\t\t\t\t\t\t\t\t\t\t\t\t\t\t<img loading=\"lazy\" decoding=\"async\" width=\"768\" height=\"576\" src=\"https:\/\/www.weida-shoes.com\/wp-content\/uploads\/2025\/01\/078908.jpg\" class=\"attachment-large size-large wp-image-947\" alt=\"\" srcset=\"https:\/\/www.weida-shoes.com\/wp-content\/uploads\/2025\/01\/078908.jpg 768w, https:\/\/www.weida-shoes.com\/wp-content\/uploads\/2025\/01\/078908-150x113.jpg 150w, https:\/\/www.weida-shoes.com\/wp-content\/uploads\/2025\/01\/078908-600x450.jpg 600w, https:\/\/www.weida-shoes.com\/wp-content\/uploads\/2025\/01\/078908-300x225.jpg 300w\" sizes=\"(max-width: 768px) 100vw, 768px\" \/>\t\t\t\t\t\t\t\t\t\t\t\t\t\t\t<\/div>\n\t\t\t\t<\/div>\n\t\t\t\t<\/div>\n\t\t\t\t\t<\/div>\n\t\t\t\t<\/div>\n\t\t\t\t<\/div>","protected":false},"excerpt":{"rendered":"<p>Proceso de compra empresarial Bas\u00e1ndose en la planificaci\u00f3n de productos, se realiza una rigurosa selecci\u00f3n de proveedores. Materiales de alta calidad para la parte superior (como piel de vacuno para zapatos de cuero,<\/p>","protected":false},"author":1,"featured_media":0,"parent":0,"menu_order":20,"comment_status":"closed","ping_status":"closed","template":"","meta":{"footnotes":""},"class_list":["post-718","page","type-page","status-publish","hentry"],"_links":{"self":[{"href":"https:\/\/www.weida-shoes.com\/es\/wp-json\/wp\/v2\/pages\/718","targetHints":{"allow":["GET"]}}],"collection":[{"href":"https:\/\/www.weida-shoes.com\/es\/wp-json\/wp\/v2\/pages"}],"about":[{"href":"https:\/\/www.weida-shoes.com\/es\/wp-json\/wp\/v2\/types\/page"}],"author":[{"embeddable":true,"href":"https:\/\/www.weida-shoes.com\/es\/wp-json\/wp\/v2\/users\/1"}],"replies":[{"embeddable":true,"href":"https:\/\/www.weida-shoes.com\/es\/wp-json\/wp\/v2\/comments?post=718"}],"version-history":[{"count":25,"href":"https:\/\/www.weida-shoes.com\/es\/wp-json\/wp\/v2\/pages\/718\/revisions"}],"predecessor-version":[{"id":1018,"href":"https:\/\/www.weida-shoes.com\/es\/wp-json\/wp\/v2\/pages\/718\/revisions\/1018"}],"wp:attachment":[{"href":"https:\/\/www.weida-shoes.com\/es\/wp-json\/wp\/v2\/media?parent=718"}],"curies":[{"name":"wp","href":"https:\/\/api.w.org\/{rel}","templated":true}]}}